{"id":27523,"date":"2019-10-29T15:44:25","date_gmt":"2019-10-29T15:44:25","guid":{"rendered":"https:\/\/www.tornador.de\/translations\/it\/tornador-towel\/"},"modified":"2019-12-16T09:26:07","modified_gmt":"2019-12-16T09:26:07","slug":"tornador-towel","status":"publish","type":"page","link":"https:\/\/www.tornador.it\/it\/tornador-towel\/","title":{"rendered":"Tornador\u00ae Towel"},"content":{"rendered":"<p>[et_pb_section fb_built=&#8221;1&#8243; specialty=&#8221;on&#8221; background_position_1=&#8221;top_left&#8221; background_position_2=&#8221;top_left&#8221; background_repeat_1=&#8221;no-repeat&#8221; background_repeat_2=&#8221;no-repeat&#8221; admin_label=&#8221;Section&#8221; _builder_version=&#8221;3.22&#8243; custom_padding=&#8221;||0px|&#8221; bb_built=&#8221;1&#8243; _i=&#8221;0&#8243; _address=&#8221;0&#8243;][et_pb_column type=&#8221;1_2&#8243; _builder_version=&#8221;3.25&#8243; custom_padding=&#8221;|||&#8221; _i=&#8221;0&#8243; _address=&#8221;0.0&#8243; custom_padding__hover=&#8221;|||&#8221;][et_pb_text _builder_version=&#8221;3.27.4&#8243; background_size=&#8221;initial&#8221; background_position=&#8221;top_left&#8221; background_repeat=&#8221;repeat&#8221; module_alignment=&#8221;left&#8221; border_style=&#8221;solid&#8221; _i=&#8221;0&#8243; _address=&#8221;0.0.0&#8243;]<\/p>\n<h2><strong>Tornador\u00ae Towel<\/strong><\/h2>\n<h2>Panno per asciugatura<\/h2>\n<p>&nbsp;<\/p>\n<h3>Item No.: 877 900<\/h3>\n<p>[\/et_pb_text][et_pb_image src=&#8221;https:\/\/www.bendel.de\/wp-content\/uploads\/2017\/06\/DSC00045.jpg&#8221; show_in_lightbox=&#8221;on&#8221; align_tablet=&#8221;center&#8221; align_last_edited=&#8221;on|desktop&#8221; _builder_version=&#8221;3.23&#8243; animation_style=&#8221;slide&#8221; animation_direction=&#8221;left&#8221; animation_duration=&#8221;500ms&#8221; animation_intensity_slide=&#8221;10%&#8221; _i=&#8221;1&#8243; _address=&#8221;0.0.1&#8243;][\/et_pb_image][\/et_pb_column][et_pb_column type=&#8221;1_2&#8243; specialty_columns=&#8221;2&#8243; _builder_version=&#8221;3.25&#8243; custom_padding=&#8221;|||&#8221; _i=&#8221;1&#8243; _address=&#8221;0.1&#8243; custom_padding__hover=&#8221;|||&#8221;][et_pb_row_inner padding_mobile=&#8221;off&#8221; make_equal=&#8221;on&#8221; column_padding_mobile=&#8221;on&#8221; admin_label=&#8221;Row&#8221; _builder_version=&#8221;3.25&#8243; _i=&#8221;0&#8243; _address=&#8221;0.1.0&#8243;][et_pb_column_inner saved_specialty_column_type=&#8221;1_2&#8243; _builder_version=&#8221;3.0.47&#8243; custom_padding=&#8221;|||&#8221; custom_padding__hover=&#8221;|||&#8221; _i=&#8221;0&#8243; _address=&#8221;0.1.0.0&#8243;][et_pb_text _builder_version=&#8221;3.27.4&#8243; background_size=&#8221;initial&#8221; background_position=&#8221;top_left&#8221; background_repeat=&#8221;repeat&#8221; module_alignment=&#8221;left&#8221; border_style=&#8221;solid&#8221; _i=&#8221;0&#8243; _address=&#8221;0.1.0.0.0&#8243;]<\/p>\n<hr class=\"linie100g\" \/>\n<ul>\n<li>Assorbimento estremamente elevato<\/li>\n<li>Assorbimento di liquidi maggiore del 50%<\/li>\n<li>Assorbimento di liquidi tre volte pi\u00f9 veloce<\/li>\n<li>Pulisce senza sbavature o lanugine<\/li>\n<li>Resistente a olio e grasso<\/li>\n<\/ul>\n<hr class=\"linie100g\" \/>\n<p>Il nuovo panno asciutto Tornador\u00ae Asciugamano \u00e8 super assorbente. Assorbe fino al 50% in pi\u00f9 di acqua tre volte pi\u00f9 velocemente rispetto alla pelle di camoscio convenzionale. L&#8217;asciugamano Tornador\u00ae \u00e8 lavabile in lavatrice fino a 30 \u00b0 C e resistente alla maggior parte di oli, grassi e prodotti chimici. Sviluppato appositamente per asciugare delicatamente tutte le superfici sensibili. Si asciuga senza sbavature. Il nuovo panno asciutto Tornador\u00ae Towel \u00e8 il complemento perfetto quando si lavora con Tornador\u00ae-Gun Z-010 o Tornador\u00ae BLACK Z-020. Assorbi i liquidi con questo panno senza lasciare residui. Risultati brillanti garantiti dopo l&#8217;essiccazione senza sbavature.<br \/>\n[\/et_pb_text][\/et_pb_column_inner][\/et_pb_row_inner][\/et_pb_column][\/et_pb_section][et_pb_section fb_built=&#8221;1&#8243; inner_shadow=&#8221;on&#8221; _builder_version=&#8221;3.22&#8243; background_color=&#8221;rgba(255,255,255,0)&#8221; custom_padding=&#8221;0px||0px|&#8221; transparent_background=&#8221;on&#8221; bb_built=&#8221;1&#8243; _i=&#8221;1&#8243; _address=&#8221;1&#8243;][et_pb_row _builder_version=&#8221;3.25&#8243; background_size=&#8221;initial&#8221; background_position=&#8221;top_left&#8221; background_repeat=&#8221;repeat&#8221; _i=&#8221;0&#8243; _address=&#8221;1.0&#8243;][et_pb_column type=&#8221;4_4&#8243; _builder_version=&#8221;3.0.47&#8243; background_color=&#8221;#eaeaea&#8221; background_position=&#8221;top_left&#8221; custom_padding=&#8221;20px|20px|20px|20px&#8221; custom_padding__hover=&#8221;|||&#8221; _i=&#8221;0&#8243; _address=&#8221;1.0.0&#8243;][et_pb_text _builder_version=&#8221;3.27.4&#8243; background_size=&#8221;initial&#8221; background_position=&#8221;top_left&#8221; background_repeat=&#8221;repeat&#8221; module_alignment=&#8221;left&#8221; border_style=&#8221;solid&#8221; _i=&#8221;0&#8243; _address=&#8221;1.0.0.0&#8243;]Il panno asciutto Tornador\u00ae Towel appositamente progettato per assorbire grandi quantit\u00e0 di liquido \u00e8 di gran lunga superiore alle pelli di camoscio convenzionali. Assorbe fino al 50% in pi\u00f9 di acqua tre volte pi\u00f9 velocemente. Le dimensioni di 66 x 43 cm sono state concepite in modo particolare per i dettagli delle auto professionali. In questa professione il tempo equivale a denaro e risparmi entrambi quando devi strizzare meno spesso il panno asciutto. Anche l&#8217;asciugatura senza sbavature o lanugine \u00e8 una cosa ovvia, cos\u00ec come la lavabilit\u00e0 in lavatrice fino a 30 \u00b0 C. \u00c8 diventato a lungo un luogo comune voler utilizzare le tecnologie professionali anche nella sfera privata. Con l&#8217;introduzione della seconda misura di stoffa di 43 x 32 cm, anche questa richiesta del cliente \u00e8 soddisfatta.<br \/>\n[\/et_pb_text][\/et_pb_column][\/et_pb_row][\/et_pb_section][et_pb_section fb_built=&#8221;1&#8243; _builder_version=&#8221;3.22&#8243; background_color=&#8221;#dddddd&#8221; custom_padding=&#8221;0px||0px|&#8221; transparent_background=&#8221;off&#8221; make_fullwidth=&#8221;off&#8221; use_custom_width=&#8221;off&#8221; width_unit=&#8221;on&#8221; bb_built=&#8221;1&#8243; _i=&#8221;2&#8243; _address=&#8221;2&#8243;][et_pb_row _builder_version=&#8221;3.25&#8243; background_size=&#8221;initial&#8221; background_position=&#8221;top_left&#8221; background_repeat=&#8221;repeat&#8221; _i=&#8221;0&#8243; _address=&#8221;2.0&#8243;][et_pb_column type=&#8221;4_4&#8243; _builder_version=&#8221;3.0.47&#8243; background_color=&#8221;#eaeaea&#8221; background_position=&#8221;top_left&#8221; custom_padding=&#8221;|||&#8221; custom_padding__hover=&#8221;|||&#8221; _i=&#8221;0&#8243; _address=&#8221;2.0.0&#8243;][et_pb_text _builder_version=&#8221;3.27.4&#8243; background_size=&#8221;initial&#8221; background_position=&#8221;top_left&#8221; background_repeat=&#8221;repeat&#8221; module_alignment=&#8221;left&#8221; border_style=&#8221;solid&#8221; _i=&#8221;0&#8243; _address=&#8221;2.0.0.0&#8243;]<\/p>\n<h5>IMMAGINI:<\/h5>\n<p>[\/et_pb_text][et_pb_gallery posts_number=&#8221;12&#8243; show_title_and_caption=&#8221;off&#8221; zoom_icon_color=&#8221;#0f00a7&#8243; _builder_version=&#8221;3.27.4&#8243; title_font_size=&#8221;14px&#8221; caption_line_height=&#8221;14px&#8221; z_index_tablet=&#8221;500&#8243; hover_enabled=&#8221;0&#8243; title_text_shadow_horizontal_length_tablet=&#8221;0px&#8221; title_text_shadow_vertical_length_tablet=&#8221;0px&#8221; title_text_shadow_blur_strength_tablet=&#8221;1px&#8221; caption_text_shadow_horizontal_length_tablet=&#8221;0px&#8221; caption_text_shadow_vertical_length_tablet=&#8221;0px&#8221; caption_text_shadow_blur_strength_tablet=&#8221;1px&#8221; pagination_font_size_tablet=&#8221;51&#8243; pagination_line_height_tablet=&#8221;2&#8243; pagination_text_shadow_horizontal_length_tablet=&#8221;0px&#8221; pagination_text_shadow_vertical_length_tablet=&#8221;0px&#8221; pagination_text_shadow_blur_strength_tablet=&#8221;1px&#8221; box_shadow_horizontal_tablet=&#8221;0px&#8221; box_shadow_vertical_tablet=&#8221;0px&#8221; box_shadow_blur_tablet=&#8221;40px&#8221; box_shadow_spread_tablet=&#8221;0px&#8221; box_shadow_horizontal_image_tablet=&#8221;0px&#8221; box_shadow_vertical_image_tablet=&#8221;0px&#8221; box_shadow_blur_image_tablet=&#8221;40px&#8221; box_shadow_spread_image_tablet=&#8221;0px&#8221; text_shadow_horizontal_length_tablet=&#8221;0px&#8221; text_shadow_vertical_length_tablet=&#8221;0px&#8221; text_shadow_blur_strength_tablet=&#8221;1px&#8221; saved_tabs=&#8221;all&#8221; _i=&#8221;1&#8243; _address=&#8221;2.0.0.1&#8243; gallery_ids=&#8221;28533,28527,28531,28529&#8243;][\/et_pb_gallery][et_pb_divider color=&#8221;#ffffff&#8221; divider_position=&#8221;center&#8221; divider_weight=&#8221;3&#8243; disabled_on=&#8221;on|on|off&#8221; _builder_version=&#8221;3.2&#8243; hide_on_mobile=&#8221;on&#8221; _i=&#8221;2&#8243; _address=&#8221;2.0.0.2&#8243;][\/et_pb_divider][\/et_pb_column][\/et_pb_row][\/et_pb_section][et_pb_section fb_built=&#8221;1&#8243; _builder_version=&#8221;3.22&#8243; background_color=&#8221;#dddddd&#8221; custom_padding=&#8221;0px||0px|&#8221; transparent_background=&#8221;off&#8221; make_fullwidth=&#8221;off&#8221; use_custom_width=&#8221;off&#8221; width_unit=&#8221;on&#8221; bb_built=&#8221;1&#8243; _i=&#8221;3&#8243; _address=&#8221;3&#8243;][et_pb_row _builder_version=&#8221;3.25&#8243; background_size=&#8221;initial&#8221; background_position=&#8221;top_left&#8221; background_repeat=&#8221;repeat&#8221; _i=&#8221;0&#8243; _address=&#8221;3.0&#8243;][et_pb_column type=&#8221;4_4&#8243; _builder_version=&#8221;3.0.47&#8243; background_color=&#8221;#eaeaea&#8221; background_position=&#8221;top_left&#8221; custom_padding=&#8221;|||&#8221; custom_padding__hover=&#8221;|||&#8221; _i=&#8221;0&#8243; _address=&#8221;3.0.0&#8243;][et_pb_text _builder_version=&#8221;3.27.4&#8243; background_size=&#8221;initial&#8221; background_position=&#8221;top_left&#8221; background_repeat=&#8221;repeat&#8221; module_alignment=&#8221;left&#8221; border_style=&#8221;solid&#8221; _i=&#8221;0&#8243; _address=&#8221;3.0.0.0&#8243;]<\/p>\n<h5>APPLICAZIONI:<\/h5>\n<p>[\/et_pb_text][et_pb_gallery gallery_ids=&#8221;28389,27524,28390,27525&#8243; posts_number=&#8221;10&#8243; show_title_and_caption=&#8221;off&#8221; zoom_icon_color=&#8221;#0f00a7&#8243; _builder_version=&#8221;3.25.4&#8243; title_font_size=&#8221;14px&#8221; caption_line_height=&#8221;14px&#8221; z_index_tablet=&#8221;500&#8243; title_text_shadow_horizontal_length_tablet=&#8221;0px&#8221; title_text_shadow_vertical_length_tablet=&#8221;0px&#8221; title_text_shadow_blur_strength_tablet=&#8221;1px&#8221; caption_text_shadow_horizontal_length_tablet=&#8221;0px&#8221; caption_text_shadow_vertical_length_tablet=&#8221;0px&#8221; caption_text_shadow_blur_strength_tablet=&#8221;1px&#8221; pagination_font_size_tablet=&#8221;51&#8243; pagination_line_height_tablet=&#8221;2&#8243; pagination_text_shadow_horizontal_length_tablet=&#8221;0px&#8221; pagination_text_shadow_vertical_length_tablet=&#8221;0px&#8221; pagination_text_shadow_blur_strength_tablet=&#8221;1px&#8221; box_shadow_horizontal_tablet=&#8221;0px&#8221; box_shadow_vertical_tablet=&#8221;0px&#8221; box_shadow_blur_tablet=&#8221;40px&#8221; box_shadow_spread_tablet=&#8221;0px&#8221; box_shadow_horizontal_image_tablet=&#8221;0px&#8221; box_shadow_vertical_image_tablet=&#8221;0px&#8221; box_shadow_blur_image_tablet=&#8221;40px&#8221; box_shadow_spread_image_tablet=&#8221;0px&#8221; text_shadow_horizontal_length_tablet=&#8221;0px&#8221; text_shadow_vertical_length_tablet=&#8221;0px&#8221; text_shadow_blur_strength_tablet=&#8221;1px&#8221; saved_tabs=&#8221;all&#8221; _i=&#8221;1&#8243; _address=&#8221;3.0.0.1&#8243;][\/et_pb_gallery][et_pb_divider color=&#8221;#ffffff&#8221; divider_position=&#8221;center&#8221; divider_weight=&#8221;3&#8243; disabled_on=&#8221;on|on|off&#8221; _builder_version=&#8221;3.2&#8243; hide_on_mobile=&#8221;on&#8221; _i=&#8221;2&#8243; _address=&#8221;3.0.0.2&#8243;][\/et_pb_divider][\/et_pb_column][\/et_pb_row][\/et_pb_section]<\/p>\n","protected":false},"excerpt":{"rendered":"<p>Tornador\u00ae Towel Panno per asciugatura &nbsp; Item No.: 877 900 Assorbimento estremamente elevato Assorbimento di liquidi maggiore del 50% Assorbimento di liquidi tre volte pi\u00f9 veloce Pulisce senza sbavature o lanugine Resistente a olio e grasso Il nuovo panno asciutto Tornador\u00ae Asciugamano \u00e8 super assorbente. Assorbe fino al 50% in pi\u00f9 di acqua tre volte [&hellip;]<\/p>\n","protected":false},"author":10,"featured_media":0,"parent":0,"menu_order":929,"comment_status":"closed","ping_status":"closed","template":"","meta":{"_et_pb_use_builder":"on","_et_pb_old_content":"","_et_gb_content_width":"","footnotes":""},"class_list":["post-27523","page","type-page","status-publish","hentry"],"_links":{"self":[{"href":"https:\/\/www.tornador.it\/it\/wp-json\/wp\/v2\/pages\/27523","targetHints":{"allow":["GET"]}}],"collection":[{"href":"https:\/\/www.tornador.it\/it\/wp-json\/wp\/v2\/pages"}],"about":[{"href":"https:\/\/www.tornador.it\/it\/wp-json\/wp\/v2\/types\/page"}],"author":[{"embeddable":true,"href":"https:\/\/www.tornador.it\/it\/wp-json\/wp\/v2\/users\/10"}],"replies":[{"embeddable":true,"href":"https:\/\/www.tornador.it\/it\/wp-json\/wp\/v2\/comments?post=27523"}],"version-history":[{"count":9,"href":"https:\/\/www.tornador.it\/it\/wp-json\/wp\/v2\/pages\/27523\/revisions"}],"predecessor-version":[{"id":28536,"href":"https:\/\/www.tornador.it\/it\/wp-json\/wp\/v2\/pages\/27523\/revisions\/28536"}],"wp:attachment":[{"href":"https:\/\/www.tornador.it\/it\/wp-json\/wp\/v2\/media?parent=27523"}],"curies":[{"name":"wp","href":"https:\/\/api.w.org\/{rel}","templated":true}]}}